{"id":3947,"date":"2021-06-22T12:05:48","date_gmt":"2021-06-22T12:05:48","guid":{"rendered":"https:\/\/www.decke.es\/?page_id=3947"},"modified":"2025-01-23T22:22:00","modified_gmt":"2025-01-23T22:22:00","slug":"quality-and-environment-policy","status":"publish","type":"page","link":"https:\/\/www.decke.es\/en\/quality-and-environment-policy\/","title":{"rendered":"Quality and environment policy"},"content":{"rendered":"\t\t<div data-elementor-type=\"wp-page\" data-elementor-id=\"3947\" class=\"elementor elementor-3947 elementor-3766\" data-elementor-post-type=\"page\">\n\t\t\t\t\t\t<section data-particle_enable=\"false\" data-particle-mobile-disabled=\"false\" class=\"elementor-section elementor-top-section elementor-element elementor-element-26760f6 elementor-section-boxed elementor-section-height-default elementor-section-height-default\" data-id=\"26760f6\" data-element_type=\"section\">\n\t\t\t\t\t\t<div class=\"elementor-container elementor-column-gap-default\">\n\t\t\t\t\t<div class=\"elementor-column elementor-col-100 elementor-top-column elementor-element elementor-element-54491f8\" data-id=\"54491f8\" data-element_type=\"column\">\n\t\t\t<div class=\"elementor-widget-wrap elementor-element-populated\">\n\t\t\t\t\t\t<div class=\"elementor-element elementor-element-5746444 elementor-widget elementor-widget-text-editor\" data-id=\"5746444\" data-element_type=\"widget\" data-widget_type=\"text-editor.default\">\n\t\t\t\t<div class=\"elementor-widget-container\">\n\t\t\t\t\t\t\t\t\t<h2><strong>POL\u00cdTICA DE CALIDAD Y MEDIO AMBIENTE <\/strong><\/h2><p><strong>1. IDENTIFICACI\u00d3N<\/strong><br \/>DECKE Climatizaci\u00f3n Ecol\u00f3gica declara que la Calidad, la Conservaci\u00f3n y la Protecci\u00f3n del Medio Ambiente es un objetivo permanente en todos sus productos y actividades llevadas a cabo en la organizaci\u00f3n en relaci\u00f3n con su actividad de: <strong>Dise\u00f1o, instalaci\u00f3n y mantenimientos de Sistemas de Climatizaci\u00f3n<\/strong>.<\/p><p>Con el fin de obtener los mejores resultados en el seguimiento de esta pol\u00edtica, la Alta Direcci\u00f3n ha apostado por la implantaci\u00f3n de un Sistema de Gesti\u00f3n de Calidad y Medio Ambiente basado en las normas de referencia UNE-EN ISO 9001:2015 y UNE-EN ISO 14001:2015.<\/p><p>En el desarrollo de sus servicios, la organizaci\u00f3n tiene centrada su atenci\u00f3n en los siguientes aspectos:<\/p><p>1. <strong>Implantar y mantener<\/strong>, mediante la responsabilidad y la participaci\u00f3n de todos los integrantes de la organizaci\u00f3n y de qui\u00e9n trabaja en su nombre, un <strong>Sistema de Gesti\u00f3n Integrado<\/strong>.<\/p><p>2. <strong>Cumplimiento de los requisitos legales y expectativas de nuestros clientes<\/strong>. Conocer las necesidades impl\u00edcitas y expl\u00edcitas de los clientes, tanto las actuales como las futuras, para conseguir que los productos y servicios les resulten satisfactorios.<\/p><p>3. <strong>La formaci\u00f3n adecuada del personal<\/strong>, para que realice sus actividades con los niveles de Calidad exigidos, para que conozcan los posibles aspectos medioambientales que el desarrollo de sus actividades puede generar y para que sean conscientes de los riesgos derivados de sus puestos de trabajo haci\u00e9ndoles part\u00edcipes del respeto de nuestra pol\u00edtica en todas sus actividades.<\/p><p>4. <strong>La participaci\u00f3n de nuestros trabajadores en la mejora continua del Sistema<\/strong>, mediante la comunicaci\u00f3n y la consulta. Para la aplicaci\u00f3n efectiva de estos principios es absolutamente necesario el apoyo a los mismos por parte tanto del equipo directivo como de toda la plantilla de la organizaci\u00f3n.<\/p><p>5. <strong>El compromiso de mejora continua de nuestros procesos y condiciones de trabajo<\/strong>, hacia la Calidad de nuestros servicios y productos, la satisfacci\u00f3n del cliente y hacia la prevenci\u00f3n de la contaminaci\u00f3n, para la mejora del desempe\u00f1o ambiental.<\/p><p>6. <strong>El compromiso con la protecci\u00f3n del Medio Ambiente<\/strong> mediante la reducci\u00f3n de consumos de energ\u00eda y residuos durante el desempe\u00f1o de la actividad, formando parte tambi\u00e9n del importante esfuerzo global para crear una sociedad m\u00e1s respetuosa con el medio ambiente.<\/p><p>7. <strong>Identificar y valorar los aspectos e impactos ambientales de sus actividades, productos y servicios<\/strong> que pueda controlar y aquellos sobre los que pueda influir dentro del alcance definido del Sistema de Gesti\u00f3n Integrado, teniendo en cuenta los desarrollos, productos y servicios\u00a0nuevos o modificados con el fin de reducirlos en la medida de lo posible para alcanzar un alto nivel de respeto al medio ambiente, previniendo la contaminaci\u00f3n y minimizando el impacto medioambiental de las actividades, as\u00ed como un uso sostenible de los recursos.<\/p><p>8. <strong>Cumplimiento de los requisitos ofertados a los clientes<\/strong>, que satisfagan sus expectativas, consolidando su confianza en la organizaci\u00f3n. Cumplimiento con los requisitos legales aplicables y con otros que la Organizaci\u00f3n suscriba relacionados con la Calidad y el Medio Ambiente.<\/p><p>9. <strong>Seleccionar a nuestros proveedores bajo criterios de calidad y medio ambiente<\/strong>, realizando evaluaciones peri\u00f3dicas para as\u00ed garantizar la mayor calidad en los servicios prestados y productos suministrados externamente. En base a esta evaluaci\u00f3n y siempre que no se produzcan no conformidades en los servicios prestados por estos proveedores, se mantendr\u00e1n como proveedores homologados.<\/p><p>Esta pol\u00edtica est\u00e1 englobada en la estrategia de DECKE cuyos objetivos de calidad son ocupar una posici\u00f3n de liderazgo en el sector del acondicionamiento de aire y obtener la satisfacci\u00f3n del cliente, ofreci\u00e9ndole un valor superior en calidad, eficiencia, servicio y coste global; y sus objetivos de medio ambiente son gestionar correctamente sus residuos y un consumo de material m\u00e1s respetuoso con el medio ambiente.<\/p><p>Esta Pol\u00edtica;<\/p><p>\u2713 Se presenta con el fin de constituir el marco de referencia para establecer y revisar los objetivos y las metas de Calidad y Medio Ambiente de DECKE.<\/p><p>\u2713 Est\u00e1 a disposici\u00f3n de todas las partes interesadas que reclamen su conocimiento y se comunica a todas las personas que trabajan para la organizaci\u00f3n o en nombre de ella, con el prop\u00f3sito de hacerles conscientes de sus obligaciones individuales en materia de Calidad y Medio Ambiente.<\/p><p>\u2713 Se revisa de forma peri\u00f3dica con el fin de asegurar que sigue siendo pertinente y apropiada a los requisitos de DECKE. y de su Sistema de Gesti\u00f3n Integrado.<\/p><p>\u2713 Es conocida por cada uno de los miembros de DECKE los cuales aceptan la responsabilidad de cumplirla y hacerla cumplir a todo el personal a su cargo.<\/p><p>La Direcci\u00f3n de DECKE Climatizaci\u00f3n Ecol\u00f3gica<\/p><p>\u00a0<\/p>\t\t\t\t\t\t\t\t<\/div>\n\t\t\t\t<\/div>\n\t\t\t\t<div class=\"elementor-element elementor-element-146fed5 elementor-widget elementor-widget-button\" data-id=\"146fed5\" data-element_type=\"widget\" data-widget_type=\"button.default\">\n\t\t\t\t<div class=\"elementor-widget-container\">\n\t\t\t\t\t\t\t\t\t<div class=\"elementor-button-wrapper\">\n\t\t\t\t\t<a class=\"elementor-button elementor-button-link elementor-size-sm\" href=\"https:\/\/www.decke.es\/wp-content\/uploads\/2020\/10\/DECKE-PCMA.pdf\" target=\"_blank\" rel=\"nofollow\">\n\t\t\t\t\t\t<span class=\"elementor-button-content-wrapper\">\n\t\t\t\t\t\t\t\t\t<span class=\"elementor-button-text\">Descargar version en PDF firmada digitalmente<\/span>\n\t\t\t\t\t<\/span>\n\t\t\t\t\t<\/a>\n\t\t\t\t<\/div>\n\t\t\t\t\t\t\t\t<\/div>\n\t\t\t\t<\/div>\n\t\t\t\t\t<\/div>\n\t\t<\/div>\n\t\t\t\t\t<\/div>\n\t\t<\/section>\n\t\t\t\t<\/div>\n\t\t","protected":false},"excerpt":{"rendered":"<p>POL\u00cdTICA DE CALIDAD Y MEDIO AMBIENTE 1. IDENTIFICACI\u00d3NDECKE Climatizaci\u00f3n Ecol\u00f3gica declara que la Calidad, la Conservaci\u00f3n y la Protecci\u00f3n del [&hellip;]<\/p>\n","protected":false},"author":1,"featured_media":0,"parent":0,"menu_order":130,"comment_status":"closed","ping_status":"closed","template":"","meta":{"site-sidebar-layout":"default","site-content-layout":"","ast-site-content-layout":"","site-content-style":"default","site-sidebar-style":"default","ast-global-header-display":"","ast-banner-title-visibility":"","ast-main-header-display":"","ast-hfb-above-header-display":"","ast-hfb-below-header-display":"","ast-hfb-mobile-header-display":"","site-post-title":"","ast-breadcrumbs-content":"","ast-featured-img":"","footer-sml-layout":"","theme-transparent-header-meta":"","adv-header-id-meta":"","stick-header-meta":"","header-above-stick-meta":"","header-main-stick-meta":"","header-below-stick-meta":"","astra-migrate-meta-layouts":"default","ast-page-background-enabled":"default","ast-page-background-meta":{"desktop":{"background-color":"var(--ast-global-color-5)","background-image":"","background-repeat":"repeat","background-position":"center center","background-size":"auto","background-attachment":"scroll","background-type":"","background-media":"","overlay-type":"","overlay-color":"","overlay-opacity":"","overlay-gradient":""},"tablet":{"background-color":"","background-image":"","background-repeat":"repeat","background-position":"center center","background-size":"auto","background-attachment":"scroll","background-type":"","background-media":"","overlay-type":"","overlay-color":"","overlay-opacity":"","overlay-gradient":""},"mobile":{"background-color":"","background-image":"","background-repeat":"repeat","background-position":"center center","background-size":"auto","background-attachment":"scroll","background-type":"","background-media":"","overlay-type":"","overlay-color":"","overlay-opacity":"","overlay-gradient":""}},"ast-content-background-meta":{"desktop":{"background-color":"var(--ast-global-color-4)","background-image":"","background-repeat":"repeat","background-position":"center center","background-size":"auto","background-attachment":"scroll","background-type":"","background-media":"","overlay-type":"","overlay-color":"","overlay-opacity":"","overlay-gradient":""},"tablet":{"background-color":"var(--ast-global-color-4)","background-image":"","background-repeat":"repeat","background-position":"center center","background-size":"auto","background-attachment":"scroll","background-type":"","background-media":"","overlay-type":"","overlay-color":"","overlay-opacity":"","overlay-gradient":""},"mobile":{"background-color":"var(--ast-global-color-4)","background-image":"","background-repeat":"repeat","background-position":"center center","background-size":"auto","background-attachment":"scroll","background-type":"","background-media":"","overlay-type":"","overlay-color":"","overlay-opacity":"","overlay-gradient":""}},"footnotes":""},"class_list":["post-3947","page","type-page","status-publish","hentry"],"_links":{"self":[{"href":"https:\/\/www.decke.es\/en\/wp-json\/wp\/v2\/pages\/3947","targetHints":{"allow":["GET"]}}],"collection":[{"href":"https:\/\/www.decke.es\/en\/wp-json\/wp\/v2\/pages"}],"about":[{"href":"https:\/\/www.decke.es\/en\/wp-json\/wp\/v2\/types\/page"}],"author":[{"embeddable":true,"href":"https:\/\/www.decke.es\/en\/wp-json\/wp\/v2\/users\/1"}],"replies":[{"embeddable":true,"href":"https:\/\/www.decke.es\/en\/wp-json\/wp\/v2\/comments?post=3947"}],"version-history":[{"count":11,"href":"https:\/\/www.decke.es\/en\/wp-json\/wp\/v2\/pages\/3947\/revisions"}],"predecessor-version":[{"id":4769,"href":"https:\/\/www.decke.es\/en\/wp-json\/wp\/v2\/pages\/3947\/revisions\/4769"}],"wp:attachment":[{"href":"https:\/\/www.decke.es\/en\/wp-json\/wp\/v2\/media?parent=3947"}],"curies":[{"name":"wp","href":"https:\/\/api.w.org\/{rel}","templated":true}]}}